{"id":2164,"date":"2024-09-09T23:02:11","date_gmt":"2024-09-09T21:02:11","guid":{"rendered":"https:\/\/castulik.sk\/sluzby\/"},"modified":"2025-12-04T01:15:35","modified_gmt":"2025-12-04T00:15:35","slug":"sluzby","status":"publish","type":"page","link":"https:\/\/castulik.sk\/cs\/co-nabizime\/sluzby\/","title":{"rendered":"Slu\u017eby"},"content":{"rendered":"<p><div class=\"fusion-fullwidth fullwidth-box fusion-builder-row-1 fusion-flex-container hundred-percent-fullwidth non-hundred-percent-height-scrolling\" style=\"--awb-border-radius-top-left:0px;--awb-border-radius-top-right:0px;--awb-border-radius-bottom-right:0px;--awb-border-radius-bottom-left:0px;--awb-padding-top:60.375px;--awb-padding-right:0px;--awb-padding-bottom:0px;--awb-padding-left:0px;--awb-margin-bottom:0px;--awb-flex-wrap:wrap;\" ><div class=\"fusion-builder-row fusion-row fusion-flex-align-items-flex-start fusion-flex-content-wrap\" style=\"width:102% !important;max-width:102% !important;margin-left: calc(-2% \/ 2 );margin-right: calc(-2% \/ 2 );\"><div class=\"fusion-layout-column fusion_builder_column fusion-builder-column-0 fusion_builder_column_1_1 1_1 fusion-flex-column\" style=\"--awb-bg-size:cover;--awb-width-large:100%;--awb-margin-top-large:0px;--awb-spacing-right-large:0.98%;--awb-margin-bottom-large:0px;--awb-spacing-left-large:0.98%;--awb-width-medium:100%;--awb-order-medium:0;--awb-spacing-right-medium:0.98%;--awb-spacing-left-medium:0.98%;--awb-width-small:100%;--awb-order-small:0;--awb-spacing-right-small:0.98%;--awb-spacing-left-small:0.98%;\"><div class=\"fusion-column-wrapper fusion-column-has-shadow fusion-flex-justify-content-flex-start fusion-content-layout-column\"><div class=\"fusion-title title fusion-title-1 fusion-sep-none fusion-title-text fusion-title-size-one\"><h1 class=\"fusion-title-heading title-heading-left\" style=\"margin:0;\">Zku\u0161ebn\u00ed drcen\u00ed<\/h1><\/div><div class=\"fusion-text fusion-text-1\"><p>V\u00fdb\u011br spr\u00e1vn\u00e9ho a vhodn\u00e9ho skartova\u010de je pom\u011brn\u011b slo\u017eit\u00e1 z\u00e1le\u017eitost. Proto v\u00e1m nab\u00edz\u00edme, abyste n\u00e1s nav\u0161t\u00edvili v na\u0161em z\u00e1vod\u011b ve Stupav\u011b a vyzkou\u0161eli si stroj, o kter\u00fd m\u00e1te z\u00e1jem, osobn\u011b s va\u0161\u00edm materi\u00e1lem. Materi\u00e1l n\u00e1m m\u016f\u017eete tak\u00e9 p\u0159edem zaslat k vyzkou\u0161en\u00ed a p\u0159edveden\u00ed. Pokud se jedn\u00e1 o ocelov\u00fd a d\u0159ev\u011bn\u00fd \u0161rot, d\u0159evo, lepenku nebo pap\u00edr, nemus\u00edte se o dal\u0161\u00ed osud va\u0161ich vzork\u016f ob\u00e1vat. Zlikvidujeme je na vlastn\u00ed n\u00e1klady nebo s nimi nalo\u017e\u00edme podle va\u0161eho p\u0159\u00e1n\u00ed. Z\u00e1rove\u0148 si m\u016f\u017eete prohl\u00e9dnout na\u0161e v\u00fdrobky v r\u016fzn\u00fdch f\u00e1z\u00edch dokon\u010den\u00ed nebo si vyzkou\u0161et \u010di prohl\u00e9dnout mnoho na\u0161ich stroj\u016f v akci. Po\u017eadovan\u00e9 zkou\u0161ky stroj\u016f si pros\u00edm domluvte p\u0159edem, aby bylo mo\u017en\u00e9 v\u0161e pot\u0159ebn\u00e9 v\u010das spr\u00e1vn\u011b zapojit a nastavit.<\/p>\n<\/div><\/div><\/div><\/div><\/div><div class=\"fusion-fullwidth fullwidth-box fusion-builder-row-2 fusion-flex-container nonhundred-percent-fullwidth non-hundred-percent-height-scrolling\" style=\"--awb-border-color:hsla(var(--awb-color8-h),var(--awb-color8-s),var(--awb-color8-l),calc( var(--awb-color8-a) - 90% ));--awb-border-radius-top-left:0px;--awb-border-radius-top-right:0px;--awb-border-radius-bottom-right:0px;--awb-border-radius-bottom-left:0px;--awb-padding-top:0px;--awb-padding-bottom:120px;--awb-padding-top-small:0px;--awb-margin-top:15px;--awb-margin-bottom-medium:0px;--awb-margin-bottom-small:0px;--awb-background-color:var(--awb-color1);--awb-flex-wrap:wrap;\" ><div class=\"fusion-builder-row fusion-row fusion-flex-align-items-stretch fusion-flex-justify-content-center fusion-flex-content-wrap\" style=\"max-width:1224px;margin-left: calc(-2% \/ 2 );margin-right: calc(-2% \/ 2 );\"><div class=\"fusion-layout-column fusion_builder_column fusion-builder-column-1 fusion_builder_column_1_2 1_2 fusion-flex-column fusion-flex-align-self-stretch\" style=\"--awb-padding-top:70px;--awb-padding-right:70px;--awb-padding-bottom:70px;--awb-padding-left:70px;--awb-padding-top-small:36px;--awb-padding-right-small:36px;--awb-padding-bottom-small:36px;--awb-padding-left-small:36px;--awb-bg-color:var(--awb-color4);--awb-bg-color-hover:var(--awb-color4);--awb-bg-image:linear-gradient(180deg, hsla(var(--awb-color4-h),var(--awb-color4-s),var(--awb-color4-l),calc( var(--awb-color4-a) - 29% )) 0%,var(--awb-color4) 100%);;--awb-bg-position:left center;--awb-bg-size:cover;--awb-width-large:50%;--awb-margin-top-large:0px;--awb-spacing-right-large:0px;--awb-margin-bottom-large:0px;--awb-spacing-left-large:1.96%;--awb-width-medium:100%;--awb-order-medium:0;--awb-spacing-right-medium:0px;--awb-spacing-left-medium:0px;--awb-width-small:100%;--awb-order-small:0;--awb-spacing-right-small:0.98%;--awb-margin-bottom-small:0px;--awb-spacing-left-small:0.98%;\"><div class=\"fusion-column-wrapper lazyload fusion-column-has-shadow fusion-flex-justify-content-space-between fusion-content-layout-column fusion-column-has-bg-image\" data-bg-url=\"https:\/\/castulik.sk\/wp-content\/uploads\/2024\/09\/drvenie_papiera_kartonu.jpg\" data-bg=\"https:\/\/castulik.sk\/wp-content\/uploads\/2024\/09\/drvenie_papiera_kartonu.jpg\" data-bg-gradient=\"linear-gradient(180deg, hsla(var(--awb-color4-h),var(--awb-color4-s),var(--awb-color4-l),calc( var(--awb-color4-a) - 29% )) 0%,var(--awb-color4) 100%)\"><div class=\"fusion-title title fusion-title-2 fusion-sep-none fusion-title-text fusion-title-size-three\" style=\"--awb-text-color:var(--awb-color1);--awb-margin-bottom-small:40px;--awb-margin-bottom-medium:50px;\"><h3 class=\"fusion-title-heading title-heading-left\" style=\"margin:0;\">Nav\u0161tivte n\u00e1s a vyzkou\u0161ejte na\u0161e stroje<\/h3><\/div><div class=\"fusion-text fusion-text-2\" style=\"--awb-text-color:var(--awb-color1);\"><p>V\u00fdb\u011br spr\u00e1vn\u00e9ho drti\u010de je pro efektivn\u00ed zpracov\u00e1n\u00ed odpadu z\u00e1sadn\u00ed. Proto v\u00e1s zveme do na\u0161eho z\u00e1vodu ve Stupav\u011b, kde v\u00e1m r\u00e1di vysv\u011btl\u00edme technologii drcen\u00ed a umo\u017en\u00edme v\u00e1m vyzkou\u0161et na\u0161e stroje v praxi. Praktick\u00e9 zkou\u0161ky je nutn\u00e9 domluvit p\u0159edem, abychom mohli stroj optim\u00e1ln\u011b nastavit pro va\u0161e pot\u0159eby.<\/p>\n<\/div><ul style=\"--awb-margin-bottom:30px;--awb-iconcolor:var(--awb-color8);--awb-textcolor:var(--awb-color1);--awb-line-height:27.2px;--awb-icon-width:27.2px;--awb-icon-height:27.2px;--awb-icon-margin:11.2px;--awb-content-margin:38.4px;--awb-circlecolor:hsla(var(--awb-color1-h),var(--awb-color1-s),var(--awb-color1-l),calc(var(--awb-color1-a) - 100%));--awb-circle-yes-font-size:14.08px;\" class=\"fusion-checklist fusion-checklist-1 fusion-checklist-default type-icons\"><li class=\"fusion-li-item\" style=\"\"><span class=\"icon-wrapper circle-yes\"><i class=\"fusion-li-icon awb-icon-check\" aria-hidden=\"true\"><\/i><\/span><div class=\"fusion-li-item-content\">\n<p>Odborn\u00e9 poradenstv\u00ed p\u0159i v\u00fdb\u011bru stroje<\/p>\n<\/div><\/li><li class=\"fusion-li-item\" style=\"\"><span class=\"icon-wrapper circle-yes\"><i class=\"fusion-li-icon awb-icon-check\" aria-hidden=\"true\"><\/i><\/span><div class=\"fusion-li-item-content\">\n<p>Praktick\u00e9 zkou\u0161ky stroj\u016f<\/p>\n<\/div><\/li><li class=\"fusion-li-item\" style=\"\"><span class=\"icon-wrapper circle-yes\"><i class=\"fusion-li-icon awb-icon-check\" aria-hidden=\"true\"><\/i><\/span><div class=\"fusion-li-item-content\">\n<p>Prohl\u00eddka v\u00fdrobn\u00ed haly a technologi\u00ed<\/p>\n<\/div><\/li><\/ul><div ><a class=\"fusion-button button-flat fusion-button-default-size button-custom fusion-button-default button-1 fusion-button-span-yes \" style=\"--button_bevel_color:var(--awb-color4);--button_bevel_color_hover:var(--awb-color4);--button_accent_color:var(--awb-color1);--button_accent_hover_color:var(--awb-color8);--button_border_hover_color:var(--awb-color1);--button_border_width-top:0px;--button_border_width-right:0px;--button_border_width-bottom:0px;--button_border_width-left:0px;--button-border-radius-top-left:0;--button-border-radius-top-right:0;--button-border-radius-bottom-right:0;--button-border-radius-bottom-left:0;--button_gradient_top_color:var(--awb-color8);--button_gradient_bottom_color:var(--awb-color8);--button_gradient_top_color_hover:var(--awb-color1);--button_gradient_bottom_color_hover:var(--awb-color1);--button_text_transform:none;--button_font_size:20px;--button_line_height:18px;--button_padding-top:28px;--button_padding-right:35px;--button_padding-bottom:28px;--button_padding-left:35px;--button_typography-letter-spacing:0px;--button_margin-bottom:0px;\" target=\"_self\" href=\"https:\/\/castulik.sk\/cs\/kontakt\/\"><span class=\"fusion-button-text awb-button__text awb-button__text--default\">Napl\u00e1nujte si testovac\u00ed den<\/span><i class=\"icon-accountant-arrow awb-button__icon awb-button__icon--default button-icon-right\" aria-hidden=\"true\"><\/i><\/a><\/div><\/div><\/div><div class=\"fusion-layout-column fusion_builder_column fusion-builder-column-2 fusion_builder_column_1_2 1_2 fusion-flex-column fusion-no-small-visibility\" style=\"--awb-padding-top-small:36px;--awb-padding-right-small:36px;--awb-padding-bottom-small:36px;--awb-padding-left-small:36px;--awb-bg-color:var(--awb-color8);--awb-bg-color-hover:var(--awb-color8);--awb-bg-size:cover;--awb-width-large:50%;--awb-margin-top-large:0px;--awb-spacing-right-large:1.96%;--awb-margin-bottom-large:0px;--awb-spacing-left-large:0px;--awb-width-medium:100%;--awb-order-medium:0;--awb-spacing-right-medium:0px;--awb-spacing-left-medium:0px;--awb-width-small:100%;--awb-order-small:0;--awb-spacing-right-small:0.98%;--awb-spacing-left-small:0.98%;\"><div class=\"fusion-column-wrapper lazyload fusion-column-has-shadow fusion-flex-justify-content-flex-start fusion-content-layout-column fusion-column-has-bg-image\" data-bg-url=\"https:\/\/castulik.sk\/wp-content\/uploads\/2024\/09\/drvicka_odpadu.jpg\" data-bg=\"https:\/\/castulik.sk\/wp-content\/uploads\/2024\/09\/drvicka_odpadu.jpg\"><div class=\"fusion-separator fusion-no-small-visibility fusion-no-medium-visibility fusion-full-width-sep\" style=\"align-self: center;margin-left: auto;margin-right: auto;flex-grow:1;margin-top:10%;margin-bottom:10%;width:100%;\"><div class=\"fusion-separator-border sep-single\" style=\"--awb-height:20px;--awb-amount:20px;--awb-sep-color:var(--awb-color3);border-color:var(--awb-color3);border-top-width:0px;\"><\/div><\/div><\/div><\/div><\/div><\/div><\/p>\n","protected":false},"excerpt":{"rendered":"","protected":false},"author":1,"featured_media":0,"parent":2206,"menu_order":0,"comment_status":"closed","ping_status":"closed","template":"","meta":{"_acf_changed":false,"footnotes":""},"class_list":["post-2164","page","type-page","status-publish","hentry"],"acf":[],"yoast_head":"<!-- This site is optimized with the Yoast SEO plugin v27.5 - https:\/\/yoast.com\/product\/yoast-seo-wordpress\/ -->\n<title>Slu\u017eby - \u010castul\u00edk \u2013 \u0160pecialisti na drvenie odpadu<\/title>\n<meta name=\"description\" content=\"Dvourotorov\u00e9 drti\u010de jsou ur\u010deny k drcen\u00ed \u0161irok\u00e9 \u0161k\u00e1ly materi\u00e1l\u016f. Spolehliv\u011b slou\u017e\u00ed jako drti\u010de pevn\u00fdch disk\u016f a \u00falo\u017en\u00fdch m\u00e9di\u00ed.\" \/>\n<meta name=\"robots\" content=\"index, follow, max-snippet:-1, max-image-preview:large, max-video-preview:-1\" \/>\n<link rel=\"canonical\" href=\"https:\/\/castulik.sk\/cs\/co-nabizime\/sluzby\/\" \/>\n<meta property=\"og:locale\" content=\"cs_CZ\" \/>\n<meta property=\"og:type\" content=\"article\" \/>\n<meta property=\"og:title\" content=\"Slu\u017eby - \u010castul\u00edk \u2013 \u0160pecialisti na drvenie odpadu\" \/>\n<meta property=\"og:description\" content=\"Dvourotorov\u00e9 drti\u010de jsou ur\u010deny k drcen\u00ed \u0161irok\u00e9 \u0161k\u00e1ly materi\u00e1l\u016f. Spolehliv\u011b slou\u017e\u00ed jako drti\u010de pevn\u00fdch disk\u016f a \u00falo\u017en\u00fdch m\u00e9di\u00ed.\" \/>\n<meta property=\"og:url\" content=\"https:\/\/castulik.sk\/cs\/co-nabizime\/sluzby\/\" \/>\n<meta property=\"og:site_name\" content=\"\u010castul\u00edk \u2013 \u0160pecialisti na drvenie odpadu\" \/>\n<meta property=\"article:publisher\" content=\"https:\/\/www.facebook.com\/profile.php?id=61565052224336\" \/>\n<meta property=\"article:modified_time\" content=\"2025-12-04T00:15:35+00:00\" \/>\n<meta name=\"twitter:card\" content=\"summary_large_image\" \/>\n<meta name=\"twitter:label1\" content=\"Odhadovan\u00e1 doba \u010dten\u00ed\" \/>\n\t<meta name=\"twitter:data1\" content=\"9 minut\" \/>\n<script type=\"application\/ld+json\" class=\"yoast-schema-graph\">{\"@context\":\"https:\\\/\\\/schema.org\",\"@graph\":[{\"@type\":\"WebPage\",\"@id\":\"https:\\\/\\\/castulik.sk\\\/cs\\\/co-nabizime\\\/sluzby\\\/\",\"url\":\"https:\\\/\\\/castulik.sk\\\/cs\\\/co-nabizime\\\/sluzby\\\/\",\"name\":\"Slu\u017eby - \u010castul\u00edk \u2013 \u0160pecialisti na drvenie odpadu\",\"isPartOf\":{\"@id\":\"https:\\\/\\\/castulik.sk\\\/cs\\\/#website\"},\"datePublished\":\"2024-09-09T21:02:11+00:00\",\"dateModified\":\"2025-12-04T00:15:35+00:00\",\"description\":\"Dvourotorov\u00e9 drti\u010de jsou ur\u010deny k drcen\u00ed \u0161irok\u00e9 \u0161k\u00e1ly materi\u00e1l\u016f. Spolehliv\u011b slou\u017e\u00ed jako drti\u010de pevn\u00fdch disk\u016f a \u00falo\u017en\u00fdch m\u00e9di\u00ed.\",\"breadcrumb\":{\"@id\":\"https:\\\/\\\/castulik.sk\\\/cs\\\/co-nabizime\\\/sluzby\\\/#breadcrumb\"},\"inLanguage\":\"cs\",\"potentialAction\":[{\"@type\":\"ReadAction\",\"target\":[\"https:\\\/\\\/castulik.sk\\\/cs\\\/co-nabizime\\\/sluzby\\\/\"]}]},{\"@type\":\"BreadcrumbList\",\"@id\":\"https:\\\/\\\/castulik.sk\\\/cs\\\/co-nabizime\\\/sluzby\\\/#breadcrumb\",\"itemListElement\":[{\"@type\":\"ListItem\",\"position\":1,\"name\":\"Domovsk\u00e1 str\u00e1nka\",\"item\":\"https:\\\/\\\/castulik.sk\\\/cs\\\/\"},{\"@type\":\"ListItem\",\"position\":2,\"name\":\"Co nab\u00edz\u00edme?\",\"item\":\"https:\\\/\\\/castulik.sk\\\/cs\\\/co-nabizime\\\/\"},{\"@type\":\"ListItem\",\"position\":3,\"name\":\"Slu\u017eby\"}]},{\"@type\":\"WebSite\",\"@id\":\"https:\\\/\\\/castulik.sk\\\/cs\\\/#website\",\"url\":\"https:\\\/\\\/castulik.sk\\\/cs\\\/\",\"name\":\"\u010castul\u00edk \u2013 \u0160pecialisti na drvenie odpadu\",\"description\":\"Efekt\u00edvne rie\u0161enia pre priemyseln\u00e9 spracovanie odpadu a recykl\u00e1ciu\",\"publisher\":{\"@id\":\"https:\\\/\\\/castulik.sk\\\/cs\\\/#organization\"},\"potentialAction\":[{\"@type\":\"SearchAction\",\"target\":{\"@type\":\"EntryPoint\",\"urlTemplate\":\"https:\\\/\\\/castulik.sk\\\/cs\\\/?s={search_term_string}\"},\"query-input\":{\"@type\":\"PropertyValueSpecification\",\"valueRequired\":true,\"valueName\":\"search_term_string\"}}],\"inLanguage\":\"cs\"},{\"@type\":\"Organization\",\"@id\":\"https:\\\/\\\/castulik.sk\\\/cs\\\/#organization\",\"name\":\"\u010castul\u00edk \u2013 \u0160pecialisti na drvenie odpadu\",\"url\":\"https:\\\/\\\/castulik.sk\\\/cs\\\/\",\"logo\":{\"@type\":\"ImageObject\",\"inLanguage\":\"cs\",\"@id\":\"https:\\\/\\\/castulik.sk\\\/cs\\\/#\\\/schema\\\/logo\\\/image\\\/\",\"url\":\"https:\\\/\\\/castulik.sk\\\/wp-content\\\/uploads\\\/2024\\\/09\\\/castulik_logo.png\",\"contentUrl\":\"https:\\\/\\\/castulik.sk\\\/wp-content\\\/uploads\\\/2024\\\/09\\\/castulik_logo.png\",\"width\":958,\"height\":265,\"caption\":\"\u010castul\u00edk \u2013 \u0160pecialisti na drvenie odpadu\"},\"image\":{\"@id\":\"https:\\\/\\\/castulik.sk\\\/cs\\\/#\\\/schema\\\/logo\\\/image\\\/\"},\"sameAs\":[\"https:\\\/\\\/www.facebook.com\\\/profile.php?id=61565052224336\"]}]}<\/script>\n<!-- \/ Yoast SEO plugin. -->","yoast_head_json":{"title":"Slu\u017eby - \u010castul\u00edk \u2013 \u0160pecialisti na drvenie odpadu","description":"Dvourotorov\u00e9 drti\u010de jsou ur\u010deny k drcen\u00ed \u0161irok\u00e9 \u0161k\u00e1ly materi\u00e1l\u016f. Spolehliv\u011b slou\u017e\u00ed jako drti\u010de pevn\u00fdch disk\u016f a \u00falo\u017en\u00fdch m\u00e9di\u00ed.","robots":{"index":"index","follow":"follow","max-snippet":"max-snippet:-1","max-image-preview":"max-image-preview:large","max-video-preview":"max-video-preview:-1"},"canonical":"https:\/\/castulik.sk\/cs\/co-nabizime\/sluzby\/","og_locale":"cs_CZ","og_type":"article","og_title":"Slu\u017eby - \u010castul\u00edk \u2013 \u0160pecialisti na drvenie odpadu","og_description":"Dvourotorov\u00e9 drti\u010de jsou ur\u010deny k drcen\u00ed \u0161irok\u00e9 \u0161k\u00e1ly materi\u00e1l\u016f. Spolehliv\u011b slou\u017e\u00ed jako drti\u010de pevn\u00fdch disk\u016f a \u00falo\u017en\u00fdch m\u00e9di\u00ed.","og_url":"https:\/\/castulik.sk\/cs\/co-nabizime\/sluzby\/","og_site_name":"\u010castul\u00edk \u2013 \u0160pecialisti na drvenie odpadu","article_publisher":"https:\/\/www.facebook.com\/profile.php?id=61565052224336","article_modified_time":"2025-12-04T00:15:35+00:00","twitter_card":"summary_large_image","twitter_misc":{"Odhadovan\u00e1 doba \u010dten\u00ed":"9 minut"},"schema":{"@context":"https:\/\/schema.org","@graph":[{"@type":"WebPage","@id":"https:\/\/castulik.sk\/cs\/co-nabizime\/sluzby\/","url":"https:\/\/castulik.sk\/cs\/co-nabizime\/sluzby\/","name":"Slu\u017eby - \u010castul\u00edk \u2013 \u0160pecialisti na drvenie odpadu","isPartOf":{"@id":"https:\/\/castulik.sk\/cs\/#website"},"datePublished":"2024-09-09T21:02:11+00:00","dateModified":"2025-12-04T00:15:35+00:00","description":"Dvourotorov\u00e9 drti\u010de jsou ur\u010deny k drcen\u00ed \u0161irok\u00e9 \u0161k\u00e1ly materi\u00e1l\u016f. Spolehliv\u011b slou\u017e\u00ed jako drti\u010de pevn\u00fdch disk\u016f a \u00falo\u017en\u00fdch m\u00e9di\u00ed.","breadcrumb":{"@id":"https:\/\/castulik.sk\/cs\/co-nabizime\/sluzby\/#breadcrumb"},"inLanguage":"cs","potentialAction":[{"@type":"ReadAction","target":["https:\/\/castulik.sk\/cs\/co-nabizime\/sluzby\/"]}]},{"@type":"BreadcrumbList","@id":"https:\/\/castulik.sk\/cs\/co-nabizime\/sluzby\/#breadcrumb","itemListElement":[{"@type":"ListItem","position":1,"name":"Domovsk\u00e1 str\u00e1nka","item":"https:\/\/castulik.sk\/cs\/"},{"@type":"ListItem","position":2,"name":"Co nab\u00edz\u00edme?","item":"https:\/\/castulik.sk\/cs\/co-nabizime\/"},{"@type":"ListItem","position":3,"name":"Slu\u017eby"}]},{"@type":"WebSite","@id":"https:\/\/castulik.sk\/cs\/#website","url":"https:\/\/castulik.sk\/cs\/","name":"\u010castul\u00edk \u2013 \u0160pecialisti na drvenie odpadu","description":"Efekt\u00edvne rie\u0161enia pre priemyseln\u00e9 spracovanie odpadu a recykl\u00e1ciu","publisher":{"@id":"https:\/\/castulik.sk\/cs\/#organization"},"potentialAction":[{"@type":"SearchAction","target":{"@type":"EntryPoint","urlTemplate":"https:\/\/castulik.sk\/cs\/?s={search_term_string}"},"query-input":{"@type":"PropertyValueSpecification","valueRequired":true,"valueName":"search_term_string"}}],"inLanguage":"cs"},{"@type":"Organization","@id":"https:\/\/castulik.sk\/cs\/#organization","name":"\u010castul\u00edk \u2013 \u0160pecialisti na drvenie odpadu","url":"https:\/\/castulik.sk\/cs\/","logo":{"@type":"ImageObject","inLanguage":"cs","@id":"https:\/\/castulik.sk\/cs\/#\/schema\/logo\/image\/","url":"https:\/\/castulik.sk\/wp-content\/uploads\/2024\/09\/castulik_logo.png","contentUrl":"https:\/\/castulik.sk\/wp-content\/uploads\/2024\/09\/castulik_logo.png","width":958,"height":265,"caption":"\u010castul\u00edk \u2013 \u0160pecialisti na drvenie odpadu"},"image":{"@id":"https:\/\/castulik.sk\/cs\/#\/schema\/logo\/image\/"},"sameAs":["https:\/\/www.facebook.com\/profile.php?id=61565052224336"]}]}},"_links":{"self":[{"href":"https:\/\/castulik.sk\/cs\/wp-json\/wp\/v2\/pages\/2164","targetHints":{"allow":["GET"]}}],"collection":[{"href":"https:\/\/castulik.sk\/cs\/wp-json\/wp\/v2\/pages"}],"about":[{"href":"https:\/\/castulik.sk\/cs\/wp-json\/wp\/v2\/types\/page"}],"author":[{"embeddable":true,"href":"https:\/\/castulik.sk\/cs\/wp-json\/wp\/v2\/users\/1"}],"replies":[{"embeddable":true,"href":"https:\/\/castulik.sk\/cs\/wp-json\/wp\/v2\/comments?post=2164"}],"version-history":[{"count":3,"href":"https:\/\/castulik.sk\/cs\/wp-json\/wp\/v2\/pages\/2164\/revisions"}],"predecessor-version":[{"id":2212,"href":"https:\/\/castulik.sk\/cs\/wp-json\/wp\/v2\/pages\/2164\/revisions\/2212"}],"up":[{"embeddable":true,"href":"https:\/\/castulik.sk\/cs\/wp-json\/wp\/v2\/pages\/2206"}],"wp:attachment":[{"href":"https:\/\/castulik.sk\/cs\/wp-json\/wp\/v2\/media?parent=2164"}],"curies":[{"name":"wp","href":"https:\/\/api.w.org\/{rel}","templated":true}]}}