{"id":1689,"date":"2024-09-09T23:02:59","date_gmt":"2024-09-09T21:02:59","guid":{"rendered":"https:\/\/castulik.sk\/what-do-we-offer\/"},"modified":"2025-12-19T02:50:03","modified_gmt":"2025-12-19T01:50:03","slug":"what-do-we-offer","status":"publish","type":"page","link":"https:\/\/castulik.sk\/en\/what-do-we-offer\/","title":{"rendered":"What do we offer?"},"content":{"rendered":"<div class=\"fusion-fullwidth fullwidth-box fusion-builder-row-1 fusion-flex-container has-pattern-background has-mask-background nonhundred-percent-fullwidth non-hundred-percent-height-scrolling\" style=\"--awb-border-radius-top-left:0px;--awb-border-radius-top-right:0px;--awb-border-radius-bottom-right:0px;--awb-border-radius-bottom-left:0px;--awb-flex-wrap:wrap;\" ><div class=\"fusion-builder-row fusion-row fusion-flex-align-items-flex-start fusion-flex-content-wrap\" style=\"max-width:1224px;margin-left: calc(-2% \/ 2 );margin-right: calc(-2% \/ 2 );\"><div class=\"fusion-layout-column fusion_builder_column fusion-builder-column-0 fusion_builder_column_1_1 1_1 fusion-flex-column\" style=\"--awb-padding-bottom:30px;--awb-bg-size:cover;--awb-width-large:100%;--awb-margin-top-large:0px;--awb-spacing-right-large:0.98%;--awb-margin-bottom-large:20px;--awb-spacing-left-large:0.98%;--awb-width-medium:100%;--awb-order-medium:0;--awb-spacing-right-medium:0.98%;--awb-spacing-left-medium:0.98%;--awb-width-small:100%;--awb-order-small:0;--awb-spacing-right-small:0.98%;--awb-spacing-left-small:0.98%;\"><div class=\"fusion-column-wrapper fusion-column-has-shadow fusion-flex-justify-content-flex-start fusion-content-layout-column\"><div class=\"fusion-title title fusion-title-1 fusion-sep-none fusion-title-text fusion-title-size-one\" style=\"--awb-margin-bottom:30px;\"><h1 class=\"fusion-title-heading title-heading-left\" style=\"margin:0;\">What we offer<\/h1><\/div><div class=\"fusion-text fusion-text-1\"><p>Are you looking for pallet crushers or steel rod crushers? Our company manufactures 4 design categories of crushers, built on 13 platforms. The range includes 37 different designs, many of which can be supplied in up to three sizes. Our &#8220;machine catalogue&#8221; contains more than 50 items, not considering the multitude of crushing chamber tool settings and the wide range of installed motorisation and different degrees of automation.<\/p>\n<p>Although the production of the components of our crushers is carried out in repetitive production of medium series, the assembly of the machines is carried out in a separate cycle after signing a contract with the customer. This allows the specific requirements of the customer to be taken into account when building the machine. Our plants are often supplied as a functional unit to process a wide range of wastes, together with conveyor routes and different types of separators.<\/p>\n<\/div><\/div><\/div><div class=\"fusion-layout-column fusion_builder_column fusion-builder-column-1 fusion_builder_column_1_4 1_4 fusion-flex-column fusion-flex-align-self-stretch\" style=\"--awb-padding-top:20px;--awb-padding-right:20px;--awb-padding-bottom:30px;--awb-padding-left:20px;--awb-overflow:hidden;--awb-bg-color:var(--awb-color6);--awb-bg-color-hover:var(--awb-color6);--awb-bg-blend:overlay;--awb-bg-size:cover;--awb-border-radius:4px 4px 4px 4px;--awb-width-large:25%;--awb-margin-top-large:0px;--awb-spacing-right-large:7.5px;--awb-margin-bottom-large:0px;--awb-spacing-left-large:3.92%;--awb-width-medium:33.3333333333%;--awb-spacing-right-medium:7.5px;--awb-margin-bottom-medium:80px;--awb-spacing-left-medium:2.94%;--awb-width-small:100%;--awb-spacing-right-small:0.98%;--awb-spacing-left-small:0.98%;\"><div class=\"fusion-column-wrapper fusion-column-has-shadow fusion-flex-justify-content-space-around fusion-content-layout-column\"><div class=\"fusion-title title fusion-title-2 fusion-sep-none fusion-title-center fusion-title-text fusion-title-size-four\" style=\"--awb-text-color:var(--awb-color2);--awb-margin-bottom:10px;\"><h4 class=\"fusion-title-heading title-heading-center\" style=\"margin:0;\">Crushers<\/h4><\/div><div class=\"fusion-text fusion-text-2 fusion-text-no-margin\" style=\"--awb-content-alignment:center;--awb-text-color:hsla(var(--awb-color1-h),var(--awb-color1-s),var(--awb-color1-l),calc(var(--awb-color1-a) - 20%));\"><p>Powerful machines ranging from pallet crushers to shredders of skewers and other materials for material or energy recovery and recycling of raw materials.<\/p>\n<\/div><div ><a class=\"fusion-button button-flat fusion-button-default-size button-custom fusion-button-default button-1 fusion-button-span-yes fusion-button-default-type\" style=\"--button_accent_color:var(--awb-color1);--button_accent_hover_color:var(--awb-color1);--button_border_hover_color:var(--awb-color1);--button_gradient_top_color:var(--awb-color5);--button_gradient_bottom_color:var(--awb-color5);--button_gradient_top_color_hover:var(--awb-color4);--button_gradient_bottom_color_hover:var(--awb-color4);--button_margin-top:20px;\" target=\"_self\" href=\"https:\/\/castulik.sk\/en\/what-do-we-offer\/shredders\/\"><span class=\"fusion-button-text awb-button__text awb-button__text--default\">Find out more<\/span><\/a><\/div><\/div><\/div><div class=\"fusion-layout-column fusion_builder_column fusion-builder-column-2 fusion_builder_column_1_4 1_4 fusion-flex-column fusion-flex-align-self-stretch\" style=\"--awb-padding-top:20px;--awb-padding-right:20px;--awb-padding-bottom:30px;--awb-padding-left:20px;--awb-overflow:hidden;--awb-bg-color:var(--awb-color6);--awb-bg-color-hover:var(--awb-color6);--awb-bg-blend:overlay;--awb-bg-size:cover;--awb-border-radius:4px 4px 4px 4px;--awb-width-large:25%;--awb-margin-top-large:0px;--awb-spacing-right-large:7.5px;--awb-margin-bottom-large:0px;--awb-spacing-left-large:3.92%;--awb-width-medium:33.3333333333%;--awb-spacing-right-medium:7.5px;--awb-margin-bottom-medium:80px;--awb-spacing-left-medium:2.94%;--awb-width-small:100%;--awb-spacing-right-small:0.98%;--awb-spacing-left-small:0.98%;\"><div class=\"fusion-column-wrapper fusion-column-has-shadow fusion-flex-justify-content-space-around fusion-content-layout-column\"><div class=\"fusion-title title fusion-title-3 fusion-sep-none fusion-title-center fusion-title-text fusion-title-size-four\" style=\"--awb-text-color:var(--awb-color2);--awb-margin-bottom:10px;\"><h4 class=\"fusion-title-heading title-heading-center\" style=\"margin:0;\">Accessories<\/h4><\/div><div class=\"fusion-text fusion-text-3 fusion-text-no-margin\" style=\"--awb-content-alignment:center;--awb-text-color:hsla(var(--awb-color1-h),var(--awb-color1-s),var(--awb-color1-l),calc(var(--awb-color1-a) - 20%));--awb-margin-bottom:25px;\"><p>Peripheral equipment for industrial crushers such as weighing and discharge belt conveyors, screw conveyors, pneumatic conveying.<\/p>\n<\/div><div ><a class=\"fusion-button button-flat fusion-button-default-size button-custom fusion-button-default button-2 fusion-button-span-yes fusion-button-default-type\" style=\"--button_accent_color:var(--awb-color1);--button_accent_hover_color:var(--awb-color1);--button_border_hover_color:var(--awb-color1);--button_gradient_top_color:var(--awb-color5);--button_gradient_bottom_color:var(--awb-color5);--button_gradient_top_color_hover:var(--awb-color4);--button_gradient_bottom_color_hover:var(--awb-color4);--button_margin-top:20px;\" target=\"_self\" href=\"https:\/\/castulik.sk\/en\/what-do-we-offer\/accessories\/\"><span class=\"fusion-button-text awb-button__text awb-button__text--default\">Find out more<\/span><\/a><\/div><\/div><\/div><div class=\"fusion-layout-column fusion_builder_column fusion-builder-column-3 fusion_builder_column_1_4 1_4 fusion-flex-column fusion-flex-align-self-stretch\" style=\"--awb-padding-top:20px;--awb-padding-right:20px;--awb-padding-bottom:30px;--awb-padding-left:20px;--awb-overflow:hidden;--awb-bg-color:var(--awb-color6);--awb-bg-color-hover:var(--awb-color6);--awb-bg-blend:overlay;--awb-bg-size:cover;--awb-border-radius:4px 4px 4px 4px;--awb-width-large:25%;--awb-margin-top-large:0px;--awb-spacing-right-large:7.5px;--awb-margin-bottom-large:0px;--awb-spacing-left-large:3.92%;--awb-width-medium:33.3333333333%;--awb-spacing-right-medium:7.5px;--awb-margin-bottom-medium:80px;--awb-spacing-left-medium:2.94%;--awb-width-small:100%;--awb-spacing-right-small:0.98%;--awb-spacing-left-small:0.98%;\"><div class=\"fusion-column-wrapper fusion-column-has-shadow fusion-flex-justify-content-space-around fusion-content-layout-column\"><div class=\"fusion-title title fusion-title-4 fusion-sep-none fusion-title-center fusion-title-text fusion-title-size-four\" style=\"--awb-text-color:var(--awb-color2);--awb-margin-bottom:10px;\"><h4 class=\"fusion-title-heading title-heading-center\" style=\"margin:0;\">Other products<\/h4><\/div><div class=\"fusion-text fusion-text-4 fusion-text-no-margin\" style=\"--awb-content-alignment:center;--awb-text-color:hsla(var(--awb-color1-h),var(--awb-color1-s),var(--awb-color1-l),calc(var(--awb-color1-a) - 20%));\"><p>Star sorters for compost, wood chippings, etc. Container dumper. Particulate matter tray with tipping and other &#8230;<\/p>\n<\/div><div ><a class=\"fusion-button button-flat fusion-button-default-size button-custom fusion-button-default button-3 fusion-button-span-yes fusion-button-default-type\" style=\"--button_accent_color:var(--awb-color1);--button_accent_hover_color:var(--awb-color1);--button_border_hover_color:var(--awb-color1);--button_gradient_top_color:var(--awb-color5);--button_gradient_bottom_color:var(--awb-color5);--button_gradient_top_color_hover:var(--awb-color4);--button_gradient_bottom_color_hover:var(--awb-color4);--button_margin-top:20px;\" target=\"_self\" href=\"https:\/\/castulik.sk\/en\/what-do-we-offer\/other-products\/\"><span class=\"fusion-button-text awb-button__text awb-button__text--default\">Find out more<\/span><\/a><\/div><\/div><\/div><div class=\"fusion-layout-column fusion_builder_column fusion-builder-column-4 fusion_builder_column_1_4 1_4 fusion-flex-column fusion-flex-align-self-stretch\" style=\"--awb-padding-top:20px;--awb-padding-right:20px;--awb-padding-bottom:30px;--awb-padding-left:20px;--awb-overflow:hidden;--awb-bg-color:var(--awb-color6);--awb-bg-color-hover:var(--awb-color6);--awb-bg-blend:overlay;--awb-bg-size:cover;--awb-border-radius:4px 4px 4px 4px;--awb-width-large:25%;--awb-margin-top-large:0px;--awb-spacing-right-large:7.5px;--awb-margin-bottom-large:0px;--awb-spacing-left-large:3.92%;--awb-width-medium:33.3333333333%;--awb-spacing-right-medium:7.5px;--awb-margin-bottom-medium:80px;--awb-spacing-left-medium:2.94%;--awb-width-small:100%;--awb-spacing-right-small:0.98%;--awb-spacing-left-small:0.98%;\"><div class=\"fusion-column-wrapper fusion-column-has-shadow fusion-flex-justify-content-space-around fusion-content-layout-column\"><div class=\"fusion-title title fusion-title-5 fusion-sep-none fusion-title-center fusion-title-text fusion-title-size-four\" style=\"--awb-text-color:var(--awb-color2);--awb-margin-bottom:10px;\"><h4 class=\"fusion-title-heading title-heading-center\" style=\"margin:0;\">Services<\/h4><\/div><div class=\"fusion-text fusion-text-5 fusion-text-no-margin\" style=\"--awb-content-alignment:center;--awb-text-color:hsla(var(--awb-color1-h),var(--awb-color1-s),var(--awb-color1-l),calc(var(--awb-color1-a) - 20%));\"><p>Pre-sales service. Crushing tests. Grit samples to verify downstream technology. Measurement of the properties of particulate matter and other &#8230;<\/p>\n<\/div><div ><a class=\"fusion-button button-flat fusion-button-default-size button-custom fusion-button-default button-4 fusion-button-span-yes fusion-button-default-type\" style=\"--button_accent_color:var(--awb-color1);--button_accent_hover_color:var(--awb-color1);--button_border_hover_color:var(--awb-color1);--button_gradient_top_color:var(--awb-color5);--button_gradient_bottom_color:var(--awb-color5);--button_gradient_top_color_hover:var(--awb-color4);--button_gradient_bottom_color_hover:var(--awb-color4);--button_margin-top:20px;\" target=\"_self\" href=\"https:\/\/castulik.sk\/en\/what-do-we-offer\/services\/\"><span class=\"fusion-button-text awb-button__text awb-button__text--default\">Find out more<\/span><\/a><\/div><\/div><\/div><\/div><\/div>\n","protected":false},"excerpt":{"rendered":"","protected":false},"author":1,"featured_media":0,"parent":0,"menu_order":0,"comment_status":"closed","ping_status":"closed","template":"100-width.php","meta":{"_acf_changed":false,"footnotes":""},"class_list":["post-1689","page","type-page","status-publish","hentry"],"acf":[],"yoast_head":"<!-- This site is optimized with the Yoast SEO plugin v27.5 - https:\/\/yoast.com\/product\/yoast-seo-wordpress\/ -->\n<title>What do we offer? - \u010castul\u00edk \u2013 \u0160pecialisti na drvenie odpadu<\/title>\n<meta name=\"description\" content=\"Powerful machines ranging from pallet crushers to shredders of skewers and other materials for material or energy recovery and recycling of raw materials.\" \/>\n<meta name=\"robots\" content=\"index, follow, max-snippet:-1, max-image-preview:large, max-video-preview:-1\" \/>\n<link rel=\"canonical\" href=\"https:\/\/castulik.sk\/en\/what-do-we-offer\/\" \/>\n<meta property=\"og:locale\" content=\"en_US\" \/>\n<meta property=\"og:type\" content=\"article\" \/>\n<meta property=\"og:title\" content=\"What do we offer? - \u010castul\u00edk \u2013 \u0160pecialisti na drvenie odpadu\" \/>\n<meta property=\"og:description\" content=\"Powerful machines ranging from pallet crushers to shredders of skewers and other materials for material or energy recovery and recycling of raw materials.\" \/>\n<meta property=\"og:url\" content=\"https:\/\/castulik.sk\/en\/what-do-we-offer\/\" \/>\n<meta property=\"og:site_name\" content=\"\u010castul\u00edk \u2013 \u0160pecialisti na drvenie odpadu\" \/>\n<meta property=\"article:publisher\" content=\"https:\/\/www.facebook.com\/profile.php?id=61565052224336\" \/>\n<meta property=\"article:modified_time\" content=\"2025-12-19T01:50:03+00:00\" \/>\n<meta name=\"twitter:card\" content=\"summary_large_image\" \/>\n<meta name=\"twitter:label1\" content=\"Est. reading time\" \/>\n\t<meta name=\"twitter:data1\" content=\"10 minutes\" \/>\n<script type=\"application\/ld+json\" class=\"yoast-schema-graph\">{\"@context\":\"https:\\\/\\\/schema.org\",\"@graph\":[{\"@type\":\"WebPage\",\"@id\":\"https:\\\/\\\/castulik.sk\\\/en\\\/what-do-we-offer\\\/\",\"url\":\"https:\\\/\\\/castulik.sk\\\/en\\\/what-do-we-offer\\\/\",\"name\":\"What do we offer? - \u010castul\u00edk \u2013 \u0160pecialisti na drvenie odpadu\",\"isPartOf\":{\"@id\":\"https:\\\/\\\/castulik.sk\\\/en\\\/#website\"},\"datePublished\":\"2024-09-09T21:02:59+00:00\",\"dateModified\":\"2025-12-19T01:50:03+00:00\",\"description\":\"Powerful machines ranging from pallet crushers to shredders of skewers and other materials for material or energy recovery and recycling of raw materials.\",\"breadcrumb\":{\"@id\":\"https:\\\/\\\/castulik.sk\\\/en\\\/what-do-we-offer\\\/#breadcrumb\"},\"inLanguage\":\"en-US\",\"potentialAction\":[{\"@type\":\"ReadAction\",\"target\":[\"https:\\\/\\\/castulik.sk\\\/en\\\/what-do-we-offer\\\/\"]}]},{\"@type\":\"BreadcrumbList\",\"@id\":\"https:\\\/\\\/castulik.sk\\\/en\\\/what-do-we-offer\\\/#breadcrumb\",\"itemListElement\":[{\"@type\":\"ListItem\",\"position\":1,\"name\":\"Domovsk\u00e1 str\u00e1nka\",\"item\":\"https:\\\/\\\/castulik.sk\\\/en\\\/\"},{\"@type\":\"ListItem\",\"position\":2,\"name\":\"What do we offer?\"}]},{\"@type\":\"WebSite\",\"@id\":\"https:\\\/\\\/castulik.sk\\\/en\\\/#website\",\"url\":\"https:\\\/\\\/castulik.sk\\\/en\\\/\",\"name\":\"\u010castul\u00edk \u2013 \u0160pecialisti na drvenie odpadu\",\"description\":\"Efekt\u00edvne rie\u0161enia pre priemyseln\u00e9 spracovanie odpadu a recykl\u00e1ciu\",\"publisher\":{\"@id\":\"https:\\\/\\\/castulik.sk\\\/en\\\/#organization\"},\"potentialAction\":[{\"@type\":\"SearchAction\",\"target\":{\"@type\":\"EntryPoint\",\"urlTemplate\":\"https:\\\/\\\/castulik.sk\\\/en\\\/?s={search_term_string}\"},\"query-input\":{\"@type\":\"PropertyValueSpecification\",\"valueRequired\":true,\"valueName\":\"search_term_string\"}}],\"inLanguage\":\"en-US\"},{\"@type\":\"Organization\",\"@id\":\"https:\\\/\\\/castulik.sk\\\/en\\\/#organization\",\"name\":\"\u010castul\u00edk \u2013 \u0160pecialisti na drvenie odpadu\",\"url\":\"https:\\\/\\\/castulik.sk\\\/en\\\/\",\"logo\":{\"@type\":\"ImageObject\",\"inLanguage\":\"en-US\",\"@id\":\"https:\\\/\\\/castulik.sk\\\/en\\\/#\\\/schema\\\/logo\\\/image\\\/\",\"url\":\"https:\\\/\\\/castulik.sk\\\/wp-content\\\/uploads\\\/2024\\\/09\\\/castulik_logo.png\",\"contentUrl\":\"https:\\\/\\\/castulik.sk\\\/wp-content\\\/uploads\\\/2024\\\/09\\\/castulik_logo.png\",\"width\":958,\"height\":265,\"caption\":\"\u010castul\u00edk \u2013 \u0160pecialisti na drvenie odpadu\"},\"image\":{\"@id\":\"https:\\\/\\\/castulik.sk\\\/en\\\/#\\\/schema\\\/logo\\\/image\\\/\"},\"sameAs\":[\"https:\\\/\\\/www.facebook.com\\\/profile.php?id=61565052224336\"]}]}<\/script>\n<!-- \/ Yoast SEO plugin. -->","yoast_head_json":{"title":"What do we offer? - \u010castul\u00edk \u2013 \u0160pecialisti na drvenie odpadu","description":"Powerful machines ranging from pallet crushers to shredders of skewers and other materials for material or energy recovery and recycling of raw materials.","robots":{"index":"index","follow":"follow","max-snippet":"max-snippet:-1","max-image-preview":"max-image-preview:large","max-video-preview":"max-video-preview:-1"},"canonical":"https:\/\/castulik.sk\/en\/what-do-we-offer\/","og_locale":"en_US","og_type":"article","og_title":"What do we offer? - \u010castul\u00edk \u2013 \u0160pecialisti na drvenie odpadu","og_description":"Powerful machines ranging from pallet crushers to shredders of skewers and other materials for material or energy recovery and recycling of raw materials.","og_url":"https:\/\/castulik.sk\/en\/what-do-we-offer\/","og_site_name":"\u010castul\u00edk \u2013 \u0160pecialisti na drvenie odpadu","article_publisher":"https:\/\/www.facebook.com\/profile.php?id=61565052224336","article_modified_time":"2025-12-19T01:50:03+00:00","twitter_card":"summary_large_image","twitter_misc":{"Est. reading time":"10 minutes"},"schema":{"@context":"https:\/\/schema.org","@graph":[{"@type":"WebPage","@id":"https:\/\/castulik.sk\/en\/what-do-we-offer\/","url":"https:\/\/castulik.sk\/en\/what-do-we-offer\/","name":"What do we offer? - \u010castul\u00edk \u2013 \u0160pecialisti na drvenie odpadu","isPartOf":{"@id":"https:\/\/castulik.sk\/en\/#website"},"datePublished":"2024-09-09T21:02:59+00:00","dateModified":"2025-12-19T01:50:03+00:00","description":"Powerful machines ranging from pallet crushers to shredders of skewers and other materials for material or energy recovery and recycling of raw materials.","breadcrumb":{"@id":"https:\/\/castulik.sk\/en\/what-do-we-offer\/#breadcrumb"},"inLanguage":"en-US","potentialAction":[{"@type":"ReadAction","target":["https:\/\/castulik.sk\/en\/what-do-we-offer\/"]}]},{"@type":"BreadcrumbList","@id":"https:\/\/castulik.sk\/en\/what-do-we-offer\/#breadcrumb","itemListElement":[{"@type":"ListItem","position":1,"name":"Domovsk\u00e1 str\u00e1nka","item":"https:\/\/castulik.sk\/en\/"},{"@type":"ListItem","position":2,"name":"What do we offer?"}]},{"@type":"WebSite","@id":"https:\/\/castulik.sk\/en\/#website","url":"https:\/\/castulik.sk\/en\/","name":"\u010castul\u00edk \u2013 \u0160pecialisti na drvenie odpadu","description":"Efekt\u00edvne rie\u0161enia pre priemyseln\u00e9 spracovanie odpadu a recykl\u00e1ciu","publisher":{"@id":"https:\/\/castulik.sk\/en\/#organization"},"potentialAction":[{"@type":"SearchAction","target":{"@type":"EntryPoint","urlTemplate":"https:\/\/castulik.sk\/en\/?s={search_term_string}"},"query-input":{"@type":"PropertyValueSpecification","valueRequired":true,"valueName":"search_term_string"}}],"inLanguage":"en-US"},{"@type":"Organization","@id":"https:\/\/castulik.sk\/en\/#organization","name":"\u010castul\u00edk \u2013 \u0160pecialisti na drvenie odpadu","url":"https:\/\/castulik.sk\/en\/","logo":{"@type":"ImageObject","inLanguage":"en-US","@id":"https:\/\/castulik.sk\/en\/#\/schema\/logo\/image\/","url":"https:\/\/castulik.sk\/wp-content\/uploads\/2024\/09\/castulik_logo.png","contentUrl":"https:\/\/castulik.sk\/wp-content\/uploads\/2024\/09\/castulik_logo.png","width":958,"height":265,"caption":"\u010castul\u00edk \u2013 \u0160pecialisti na drvenie odpadu"},"image":{"@id":"https:\/\/castulik.sk\/en\/#\/schema\/logo\/image\/"},"sameAs":["https:\/\/www.facebook.com\/profile.php?id=61565052224336"]}]}},"_links":{"self":[{"href":"https:\/\/castulik.sk\/en\/wp-json\/wp\/v2\/pages\/1689","targetHints":{"allow":["GET"]}}],"collection":[{"href":"https:\/\/castulik.sk\/en\/wp-json\/wp\/v2\/pages"}],"about":[{"href":"https:\/\/castulik.sk\/en\/wp-json\/wp\/v2\/types\/page"}],"author":[{"embeddable":true,"href":"https:\/\/castulik.sk\/en\/wp-json\/wp\/v2\/users\/1"}],"replies":[{"embeddable":true,"href":"https:\/\/castulik.sk\/en\/wp-json\/wp\/v2\/comments?post=1689"}],"version-history":[{"count":5,"href":"https:\/\/castulik.sk\/en\/wp-json\/wp\/v2\/pages\/1689\/revisions"}],"predecessor-version":[{"id":2863,"href":"https:\/\/castulik.sk\/en\/wp-json\/wp\/v2\/pages\/1689\/revisions\/2863"}],"wp:attachment":[{"href":"https:\/\/castulik.sk\/en\/wp-json\/wp\/v2\/media?parent=1689"}],"curies":[{"name":"wp","href":"https:\/\/api.w.org\/{rel}","templated":true}]}}