{"id":1691,"date":"2024-09-09T23:01:44","date_gmt":"2024-09-09T21:01:44","guid":{"rendered":"https:\/\/castulik.sk\/other-products\/"},"modified":"2026-01-15T22:56:52","modified_gmt":"2026-01-15T21:56:52","slug":"other-products","status":"publish","type":"page","link":"https:\/\/castulik.sk\/en\/what-do-we-offer\/other-products\/","title":{"rendered":"Other products"},"content":{"rendered":"<div class=\"fusion-fullwidth fullwidth-box fusion-builder-row-1 fusion-flex-container hundred-percent-fullwidth non-hundred-percent-height-scrolling\" style=\"--awb-border-radius-top-left:0px;--awb-border-radius-top-right:0px;--awb-border-radius-bottom-right:0px;--awb-border-radius-bottom-left:0px;--awb-padding-top:60.375px;--awb-padding-right:0px;--awb-padding-bottom:0px;--awb-padding-left:0px;--awb-margin-bottom:0px;--awb-flex-wrap:wrap;\" ><div class=\"fusion-builder-row fusion-row fusion-flex-align-items-flex-start fusion-flex-content-wrap\" style=\"width:102% !important;max-width:102% !important;margin-left: calc(-2% \/ 2 );margin-right: calc(-2% \/ 2 );\"><div class=\"fusion-layout-column fusion_builder_column fusion-builder-column-0 fusion_builder_column_1_1 1_1 fusion-flex-column\" style=\"--awb-bg-size:cover;--awb-width-large:100%;--awb-margin-top-large:0px;--awb-spacing-right-large:0.98%;--awb-margin-bottom-large:20px;--awb-spacing-left-large:0.98%;--awb-width-medium:100%;--awb-order-medium:0;--awb-spacing-right-medium:0.98%;--awb-spacing-left-medium:0.98%;--awb-width-small:100%;--awb-order-small:0;--awb-spacing-right-small:0.98%;--awb-spacing-left-small:0.98%;\"><div class=\"fusion-column-wrapper fusion-column-has-shadow fusion-flex-justify-content-flex-start fusion-content-layout-column\"><div class=\"fusion-title title fusion-title-1 fusion-sep-none fusion-title-text fusion-title-size-three\"><h3 class=\"fusion-title-heading title-heading-left\" style=\"margin:0;\">Other products<\/h3><\/div><\/div><\/div><\/div><\/div>\n","protected":false},"excerpt":{"rendered":"","protected":false},"author":1,"featured_media":0,"parent":1689,"menu_order":0,"comment_status":"closed","ping_status":"closed","template":"","meta":{"_acf_changed":false,"footnotes":""},"class_list":["post-1691","page","type-page","status-publish","hentry"],"acf":[],"yoast_head":"<!-- This site is optimized with the Yoast SEO plugin v27.5 - https:\/\/yoast.com\/product\/yoast-seo-wordpress\/ -->\n<title>Other products - \u010castul\u00edk \u2013 \u0160pecialisti na drvenie odpadu<\/title>\n<meta name=\"description\" content=\"The Bonanza process plant is used for the extraction of copper and aluminium from waste cables. Bonanza is the right cable recycling.\" \/>\n<meta name=\"robots\" content=\"index, follow, max-snippet:-1, max-image-preview:large, max-video-preview:-1\" \/>\n<link rel=\"canonical\" href=\"https:\/\/castulik.sk\/en\/what-do-we-offer\/other-products\/\" \/>\n<meta property=\"og:locale\" content=\"en_US\" \/>\n<meta property=\"og:type\" content=\"article\" \/>\n<meta property=\"og:title\" content=\"Other products - \u010castul\u00edk \u2013 \u0160pecialisti na drvenie odpadu\" \/>\n<meta property=\"og:description\" content=\"The Bonanza process plant is used for the extraction of copper and aluminium from waste cables. Bonanza is the right cable recycling.\" \/>\n<meta property=\"og:url\" content=\"https:\/\/castulik.sk\/en\/what-do-we-offer\/other-products\/\" \/>\n<meta property=\"og:site_name\" content=\"\u010castul\u00edk \u2013 \u0160pecialisti na drvenie odpadu\" \/>\n<meta property=\"article:publisher\" content=\"https:\/\/www.facebook.com\/profile.php?id=61565052224336\" \/>\n<meta property=\"article:modified_time\" content=\"2026-01-15T21:56:52+00:00\" \/>\n<meta name=\"twitter:card\" content=\"summary_large_image\" \/>\n<meta name=\"twitter:label1\" content=\"Est. reading time\" \/>\n\t<meta name=\"twitter:data1\" content=\"3 minutes\" \/>\n<script type=\"application\/ld+json\" class=\"yoast-schema-graph\">{\"@context\":\"https:\\\/\\\/schema.org\",\"@graph\":[{\"@type\":\"WebPage\",\"@id\":\"https:\\\/\\\/castulik.sk\\\/en\\\/what-do-we-offer\\\/other-products\\\/\",\"url\":\"https:\\\/\\\/castulik.sk\\\/en\\\/what-do-we-offer\\\/other-products\\\/\",\"name\":\"Other products - \u010castul\u00edk \u2013 \u0160pecialisti na drvenie odpadu\",\"isPartOf\":{\"@id\":\"https:\\\/\\\/castulik.sk\\\/en\\\/#website\"},\"datePublished\":\"2024-09-09T21:01:44+00:00\",\"dateModified\":\"2026-01-15T21:56:52+00:00\",\"description\":\"The Bonanza process plant is used for the extraction of copper and aluminium from waste cables. Bonanza is the right cable recycling.\",\"breadcrumb\":{\"@id\":\"https:\\\/\\\/castulik.sk\\\/en\\\/what-do-we-offer\\\/other-products\\\/#breadcrumb\"},\"inLanguage\":\"en-US\",\"potentialAction\":[{\"@type\":\"ReadAction\",\"target\":[\"https:\\\/\\\/castulik.sk\\\/en\\\/what-do-we-offer\\\/other-products\\\/\"]}]},{\"@type\":\"BreadcrumbList\",\"@id\":\"https:\\\/\\\/castulik.sk\\\/en\\\/what-do-we-offer\\\/other-products\\\/#breadcrumb\",\"itemListElement\":[{\"@type\":\"ListItem\",\"position\":1,\"name\":\"Domovsk\u00e1 str\u00e1nka\",\"item\":\"https:\\\/\\\/castulik.sk\\\/en\\\/\"},{\"@type\":\"ListItem\",\"position\":2,\"name\":\"What do we offer?\",\"item\":\"https:\\\/\\\/castulik.sk\\\/en\\\/what-do-we-offer\\\/\"},{\"@type\":\"ListItem\",\"position\":3,\"name\":\"Other products\"}]},{\"@type\":\"WebSite\",\"@id\":\"https:\\\/\\\/castulik.sk\\\/en\\\/#website\",\"url\":\"https:\\\/\\\/castulik.sk\\\/en\\\/\",\"name\":\"\u010castul\u00edk \u2013 \u0160pecialisti na drvenie odpadu\",\"description\":\"Efekt\u00edvne rie\u0161enia pre priemyseln\u00e9 spracovanie odpadu a recykl\u00e1ciu\",\"publisher\":{\"@id\":\"https:\\\/\\\/castulik.sk\\\/en\\\/#organization\"},\"potentialAction\":[{\"@type\":\"SearchAction\",\"target\":{\"@type\":\"EntryPoint\",\"urlTemplate\":\"https:\\\/\\\/castulik.sk\\\/en\\\/?s={search_term_string}\"},\"query-input\":{\"@type\":\"PropertyValueSpecification\",\"valueRequired\":true,\"valueName\":\"search_term_string\"}}],\"inLanguage\":\"en-US\"},{\"@type\":\"Organization\",\"@id\":\"https:\\\/\\\/castulik.sk\\\/en\\\/#organization\",\"name\":\"\u010castul\u00edk \u2013 \u0160pecialisti na drvenie odpadu\",\"url\":\"https:\\\/\\\/castulik.sk\\\/en\\\/\",\"logo\":{\"@type\":\"ImageObject\",\"inLanguage\":\"en-US\",\"@id\":\"https:\\\/\\\/castulik.sk\\\/en\\\/#\\\/schema\\\/logo\\\/image\\\/\",\"url\":\"https:\\\/\\\/castulik.sk\\\/wp-content\\\/uploads\\\/2024\\\/09\\\/castulik_logo.png\",\"contentUrl\":\"https:\\\/\\\/castulik.sk\\\/wp-content\\\/uploads\\\/2024\\\/09\\\/castulik_logo.png\",\"width\":958,\"height\":265,\"caption\":\"\u010castul\u00edk \u2013 \u0160pecialisti na drvenie odpadu\"},\"image\":{\"@id\":\"https:\\\/\\\/castulik.sk\\\/en\\\/#\\\/schema\\\/logo\\\/image\\\/\"},\"sameAs\":[\"https:\\\/\\\/www.facebook.com\\\/profile.php?id=61565052224336\"]}]}<\/script>\n<!-- \/ Yoast SEO plugin. -->","yoast_head_json":{"title":"Other products - \u010castul\u00edk \u2013 \u0160pecialisti na drvenie odpadu","description":"The Bonanza process plant is used for the extraction of copper and aluminium from waste cables. Bonanza is the right cable recycling.","robots":{"index":"index","follow":"follow","max-snippet":"max-snippet:-1","max-image-preview":"max-image-preview:large","max-video-preview":"max-video-preview:-1"},"canonical":"https:\/\/castulik.sk\/en\/what-do-we-offer\/other-products\/","og_locale":"en_US","og_type":"article","og_title":"Other products - \u010castul\u00edk \u2013 \u0160pecialisti na drvenie odpadu","og_description":"The Bonanza process plant is used for the extraction of copper and aluminium from waste cables. Bonanza is the right cable recycling.","og_url":"https:\/\/castulik.sk\/en\/what-do-we-offer\/other-products\/","og_site_name":"\u010castul\u00edk \u2013 \u0160pecialisti na drvenie odpadu","article_publisher":"https:\/\/www.facebook.com\/profile.php?id=61565052224336","article_modified_time":"2026-01-15T21:56:52+00:00","twitter_card":"summary_large_image","twitter_misc":{"Est. reading time":"3 minutes"},"schema":{"@context":"https:\/\/schema.org","@graph":[{"@type":"WebPage","@id":"https:\/\/castulik.sk\/en\/what-do-we-offer\/other-products\/","url":"https:\/\/castulik.sk\/en\/what-do-we-offer\/other-products\/","name":"Other products - \u010castul\u00edk \u2013 \u0160pecialisti na drvenie odpadu","isPartOf":{"@id":"https:\/\/castulik.sk\/en\/#website"},"datePublished":"2024-09-09T21:01:44+00:00","dateModified":"2026-01-15T21:56:52+00:00","description":"The Bonanza process plant is used for the extraction of copper and aluminium from waste cables. Bonanza is the right cable recycling.","breadcrumb":{"@id":"https:\/\/castulik.sk\/en\/what-do-we-offer\/other-products\/#breadcrumb"},"inLanguage":"en-US","potentialAction":[{"@type":"ReadAction","target":["https:\/\/castulik.sk\/en\/what-do-we-offer\/other-products\/"]}]},{"@type":"BreadcrumbList","@id":"https:\/\/castulik.sk\/en\/what-do-we-offer\/other-products\/#breadcrumb","itemListElement":[{"@type":"ListItem","position":1,"name":"Domovsk\u00e1 str\u00e1nka","item":"https:\/\/castulik.sk\/en\/"},{"@type":"ListItem","position":2,"name":"What do we offer?","item":"https:\/\/castulik.sk\/en\/what-do-we-offer\/"},{"@type":"ListItem","position":3,"name":"Other products"}]},{"@type":"WebSite","@id":"https:\/\/castulik.sk\/en\/#website","url":"https:\/\/castulik.sk\/en\/","name":"\u010castul\u00edk \u2013 \u0160pecialisti na drvenie odpadu","description":"Efekt\u00edvne rie\u0161enia pre priemyseln\u00e9 spracovanie odpadu a recykl\u00e1ciu","publisher":{"@id":"https:\/\/castulik.sk\/en\/#organization"},"potentialAction":[{"@type":"SearchAction","target":{"@type":"EntryPoint","urlTemplate":"https:\/\/castulik.sk\/en\/?s={search_term_string}"},"query-input":{"@type":"PropertyValueSpecification","valueRequired":true,"valueName":"search_term_string"}}],"inLanguage":"en-US"},{"@type":"Organization","@id":"https:\/\/castulik.sk\/en\/#organization","name":"\u010castul\u00edk \u2013 \u0160pecialisti na drvenie odpadu","url":"https:\/\/castulik.sk\/en\/","logo":{"@type":"ImageObject","inLanguage":"en-US","@id":"https:\/\/castulik.sk\/en\/#\/schema\/logo\/image\/","url":"https:\/\/castulik.sk\/wp-content\/uploads\/2024\/09\/castulik_logo.png","contentUrl":"https:\/\/castulik.sk\/wp-content\/uploads\/2024\/09\/castulik_logo.png","width":958,"height":265,"caption":"\u010castul\u00edk \u2013 \u0160pecialisti na drvenie odpadu"},"image":{"@id":"https:\/\/castulik.sk\/en\/#\/schema\/logo\/image\/"},"sameAs":["https:\/\/www.facebook.com\/profile.php?id=61565052224336"]}]}},"_links":{"self":[{"href":"https:\/\/castulik.sk\/en\/wp-json\/wp\/v2\/pages\/1691","targetHints":{"allow":["GET"]}}],"collection":[{"href":"https:\/\/castulik.sk\/en\/wp-json\/wp\/v2\/pages"}],"about":[{"href":"https:\/\/castulik.sk\/en\/wp-json\/wp\/v2\/types\/page"}],"author":[{"embeddable":true,"href":"https:\/\/castulik.sk\/en\/wp-json\/wp\/v2\/users\/1"}],"replies":[{"embeddable":true,"href":"https:\/\/castulik.sk\/en\/wp-json\/wp\/v2\/comments?post=1691"}],"version-history":[{"count":21,"href":"https:\/\/castulik.sk\/en\/wp-json\/wp\/v2\/pages\/1691\/revisions"}],"predecessor-version":[{"id":3213,"href":"https:\/\/castulik.sk\/en\/wp-json\/wp\/v2\/pages\/1691\/revisions\/3213"}],"up":[{"embeddable":true,"href":"https:\/\/castulik.sk\/en\/wp-json\/wp\/v2\/pages\/1689"}],"wp:attachment":[{"href":"https:\/\/castulik.sk\/en\/wp-json\/wp\/v2\/media?parent=1691"}],"curies":[{"name":"wp","href":"https:\/\/api.w.org\/{rel}","templated":true}]}}