{"id":1694,"date":"2024-09-09T23:02:11","date_gmt":"2024-09-09T21:02:11","guid":{"rendered":"https:\/\/castulik.sk\/services\/"},"modified":"2025-11-14T13:39:18","modified_gmt":"2025-11-14T12:39:18","slug":"services","status":"publish","type":"page","link":"https:\/\/castulik.sk\/en\/what-do-we-offer\/services\/","title":{"rendered":"Services"},"content":{"rendered":"<p><div class=\"fusion-fullwidth fullwidth-box fusion-builder-row-1 fusion-flex-container hundred-percent-fullwidth non-hundred-percent-height-scrolling\" style=\"--awb-border-radius-top-left:0px;--awb-border-radius-top-right:0px;--awb-border-radius-bottom-right:0px;--awb-border-radius-bottom-left:0px;--awb-padding-top:60.375px;--awb-padding-right:0px;--awb-padding-bottom:0px;--awb-padding-left:0px;--awb-margin-bottom:0px;--awb-flex-wrap:wrap;\" ><div class=\"fusion-builder-row fusion-row fusion-flex-align-items-flex-start fusion-flex-content-wrap\" style=\"width:102% !important;max-width:102% !important;margin-left: calc(-2% \/ 2 );margin-right: calc(-2% \/ 2 );\"><div class=\"fusion-layout-column fusion_builder_column fusion-builder-column-0 fusion_builder_column_1_1 1_1 fusion-flex-column\" style=\"--awb-bg-size:cover;--awb-width-large:100%;--awb-margin-top-large:0px;--awb-spacing-right-large:0.98%;--awb-margin-bottom-large:0px;--awb-spacing-left-large:0.98%;--awb-width-medium:100%;--awb-order-medium:0;--awb-spacing-right-medium:0.98%;--awb-spacing-left-medium:0.98%;--awb-width-small:100%;--awb-order-small:0;--awb-spacing-right-small:0.98%;--awb-spacing-left-small:0.98%;\"><div class=\"fusion-column-wrapper fusion-column-has-shadow fusion-flex-justify-content-flex-start fusion-content-layout-column\"><div class=\"fusion-title title fusion-title-1 fusion-sep-none fusion-title-text fusion-title-size-one\"><h1 class=\"fusion-title-heading title-heading-left\" style=\"margin:0;\">Test before you invest<\/h1><\/div><div class=\"fusion-text fusion-text-1\"><p>Choosing the right shredder can be a complex decision. That is why we invite you to visit our facility in Stupava and test the machine you are interested in\u2014using your own material. You can also send us samples in advance for the trials and demonstrations.<\/p>\n<p>If your material is scrap steel, wood, cardboard, or paper, there is no need to worry about what happens to your samples\u2014we will take care of disposal at our expense or according to your instructions.<\/p>\n<p>During your visit, you will also have the opportunity to see our machines at different stages of production and watch several in operation. To ensure everything is properly prepared and connected, please arrange your machine tests with us in advance.<\/p>\n<\/div><\/div><\/div><\/div><\/div><div class=\"fusion-fullwidth fullwidth-box fusion-builder-row-2 fusion-flex-container nonhundred-percent-fullwidth non-hundred-percent-height-scrolling\" style=\"--awb-border-color:hsla(var(--awb-color8-h),var(--awb-color8-s),var(--awb-color8-l),calc( var(--awb-color8-a) - 90% ));--awb-border-radius-top-left:0px;--awb-border-radius-top-right:0px;--awb-border-radius-bottom-right:0px;--awb-border-radius-bottom-left:0px;--awb-padding-top:0px;--awb-padding-bottom:120px;--awb-padding-top-small:0px;--awb-margin-top:15px;--awb-margin-bottom-medium:0px;--awb-margin-bottom-small:0px;--awb-background-color:var(--awb-color1);--awb-flex-wrap:wrap;\" ><div class=\"fusion-builder-row fusion-row fusion-flex-align-items-stretch fusion-flex-justify-content-center fusion-flex-content-wrap\" style=\"max-width:1224px;margin-left: calc(-2% \/ 2 );margin-right: calc(-2% \/ 2 );\"><div class=\"fusion-layout-column fusion_builder_column fusion-builder-column-1 fusion_builder_column_1_2 1_2 fusion-flex-column fusion-flex-align-self-stretch\" style=\"--awb-padding-top:70px;--awb-padding-right:70px;--awb-padding-bottom:70px;--awb-padding-left:70px;--awb-padding-top-small:36px;--awb-padding-right-small:36px;--awb-padding-bottom-small:36px;--awb-padding-left-small:36px;--awb-bg-color:var(--awb-color4);--awb-bg-color-hover:var(--awb-color4);--awb-bg-image:linear-gradient(180deg, hsla(var(--awb-color4-h),var(--awb-color4-s),var(--awb-color4-l),calc( var(--awb-color4-a) - 29% )) 0%,var(--awb-color4) 100%);;--awb-bg-position:left center;--awb-bg-size:cover;--awb-width-large:50%;--awb-margin-top-large:0px;--awb-spacing-right-large:0px;--awb-margin-bottom-large:0px;--awb-spacing-left-large:1.96%;--awb-width-medium:100%;--awb-order-medium:0;--awb-spacing-right-medium:0px;--awb-spacing-left-medium:0px;--awb-width-small:100%;--awb-order-small:0;--awb-spacing-right-small:0.98%;--awb-margin-bottom-small:0px;--awb-spacing-left-small:0.98%;\"><div class=\"fusion-column-wrapper lazyload fusion-column-has-shadow fusion-flex-justify-content-space-between fusion-content-layout-column fusion-column-has-bg-image\" data-bg-url=\"https:\/\/castulik.sk\/wp-content\/uploads\/2024\/09\/drvenie_papiera_kartonu.jpg\" data-bg=\"https:\/\/castulik.sk\/wp-content\/uploads\/2024\/09\/drvenie_papiera_kartonu.jpg\" data-bg-gradient=\"linear-gradient(180deg, hsla(var(--awb-color4-h),var(--awb-color4-s),var(--awb-color4-l),calc( var(--awb-color4-a) - 29% )) 0%,var(--awb-color4) 100%)\"><div class=\"fusion-title title fusion-title-2 fusion-sep-none fusion-title-text fusion-title-size-three\" style=\"--awb-text-color:var(--awb-color1);--awb-margin-bottom-small:40px;--awb-margin-bottom-medium:50px;\"><h3 class=\"fusion-title-heading title-heading-left\" style=\"margin:0;\">Visit us and try our machines<\/h3><\/div><div class=\"fusion-text fusion-text-2\" style=\"--awb-text-color:var(--awb-color1);\"><p>Choosing the right shredder is crucial for efficient waste processing. That is why we invite you to our plant in Stupava, where we will be happy to explain the shredding technology and let you test our machines in practice. Practical tests must be arranged in advance to ensure the optimum machine set-up for your needs.<\/p>\n<\/div><ul style=\"--awb-margin-bottom:30px;--awb-iconcolor:var(--awb-color8);--awb-textcolor:var(--awb-color1);--awb-line-height:27.2px;--awb-icon-width:27.2px;--awb-icon-height:27.2px;--awb-icon-margin:11.2px;--awb-content-margin:38.4px;--awb-circlecolor:hsla(var(--awb-color1-h),var(--awb-color1-s),var(--awb-color1-l),calc(var(--awb-color1-a) - 100%));--awb-circle-yes-font-size:14.08px;\" class=\"fusion-checklist fusion-checklist-1 fusion-checklist-default type-icons\"><li class=\"fusion-li-item\" style=\"\"><span class=\"icon-wrapper circle-yes\"><i class=\"fusion-li-icon awb-icon-check\" aria-hidden=\"true\"><\/i><\/span><div class=\"fusion-li-item-content\">\n<p>Expert advice on machine selection<\/p>\n<\/div><\/li><li class=\"fusion-li-item\" style=\"\"><span class=\"icon-wrapper circle-yes\"><i class=\"fusion-li-icon awb-icon-check\" aria-hidden=\"true\"><\/i><\/span><div class=\"fusion-li-item-content\">\n<p>Practical machine tests<\/p>\n<\/div><\/li><li class=\"fusion-li-item\" style=\"\"><span class=\"icon-wrapper circle-yes\"><i class=\"fusion-li-icon awb-icon-check\" aria-hidden=\"true\"><\/i><\/span><div class=\"fusion-li-item-content\">\n<p>Tour of the production hall and technologies<\/p>\n<\/div><\/li><\/ul><div ><a class=\"fusion-button button-flat fusion-button-default-size button-custom fusion-button-default button-1 fusion-button-span-yes \" style=\"--button_bevel_color:var(--awb-color4);--button_bevel_color_hover:var(--awb-color4);--button_accent_color:var(--awb-color1);--button_accent_hover_color:var(--awb-color8);--button_border_hover_color:var(--awb-color1);--button_border_width-top:0px;--button_border_width-right:0px;--button_border_width-bottom:0px;--button_border_width-left:0px;--button-border-radius-top-left:0;--button-border-radius-top-right:0;--button-border-radius-bottom-right:0;--button-border-radius-bottom-left:0;--button_gradient_top_color:var(--awb-color8);--button_gradient_bottom_color:var(--awb-color8);--button_gradient_top_color_hover:var(--awb-color1);--button_gradient_bottom_color_hover:var(--awb-color1);--button_text_transform:none;--button_font_size:20px;--button_line_height:18px;--button_padding-top:28px;--button_padding-right:35px;--button_padding-bottom:28px;--button_padding-left:35px;--button_typography-letter-spacing:0px;--button_margin-bottom:0px;\" target=\"_self\" href=\"https:\/\/castulik.sk\/kontakt\/\"><span class=\"fusion-button-text awb-button__text awb-button__text--default\">Schedule a test day<\/span><i class=\"icon-accountant-arrow awb-button__icon awb-button__icon--default button-icon-right\" aria-hidden=\"true\"><\/i><\/a><\/div><\/div><\/div><div class=\"fusion-layout-column fusion_builder_column fusion-builder-column-2 fusion_builder_column_1_2 1_2 fusion-flex-column fusion-no-small-visibility\" style=\"--awb-padding-top-small:36px;--awb-padding-right-small:36px;--awb-padding-bottom-small:36px;--awb-padding-left-small:36px;--awb-bg-color:var(--awb-color8);--awb-bg-color-hover:var(--awb-color8);--awb-bg-size:cover;--awb-width-large:50%;--awb-margin-top-large:0px;--awb-spacing-right-large:1.96%;--awb-margin-bottom-large:0px;--awb-spacing-left-large:0px;--awb-width-medium:100%;--awb-order-medium:0;--awb-spacing-right-medium:0px;--awb-spacing-left-medium:0px;--awb-width-small:100%;--awb-order-small:0;--awb-spacing-right-small:0.98%;--awb-spacing-left-small:0.98%;\"><div class=\"fusion-column-wrapper lazyload fusion-column-has-shadow fusion-flex-justify-content-flex-start fusion-content-layout-column fusion-column-has-bg-image\" data-bg-url=\"https:\/\/castulik.sk\/wp-content\/uploads\/2024\/09\/drvicka_odpadu.jpg\" data-bg=\"https:\/\/castulik.sk\/wp-content\/uploads\/2024\/09\/drvicka_odpadu.jpg\"><div class=\"fusion-separator fusion-no-small-visibility fusion-no-medium-visibility fusion-full-width-sep\" style=\"align-self: center;margin-left: auto;margin-right: auto;flex-grow:1;margin-top:10%;margin-bottom:10%;width:100%;\"><div class=\"fusion-separator-border sep-single\" style=\"--awb-height:20px;--awb-amount:20px;--awb-sep-color:var(--awb-color3);border-color:var(--awb-color3);border-top-width:0px;\"><\/div><\/div><\/div><\/div><\/div><\/div><\/p>\n","protected":false},"excerpt":{"rendered":"","protected":false},"author":1,"featured_media":0,"parent":1689,"menu_order":0,"comment_status":"closed","ping_status":"closed","template":"","meta":{"_acf_changed":false,"footnotes":""},"class_list":["post-1694","page","type-page","status-publish","hentry"],"acf":[],"yoast_head":"<!-- This site is optimized with the Yoast SEO plugin v27.5 - https:\/\/yoast.com\/product\/yoast-seo-wordpress\/ -->\n<title>Services - \u010castul\u00edk \u2013 \u0160pecialisti na drvenie odpadu<\/title>\n<meta name=\"description\" content=\"Two-rotor crushers are designed for crushing a wide range of materials. They reliably serve as hard disk shredders and storage media shredders.\" \/>\n<meta name=\"robots\" content=\"index, follow, max-snippet:-1, max-image-preview:large, max-video-preview:-1\" \/>\n<link rel=\"canonical\" href=\"https:\/\/castulik.sk\/en\/what-do-we-offer\/services\/\" \/>\n<meta property=\"og:locale\" content=\"en_US\" \/>\n<meta property=\"og:type\" content=\"article\" \/>\n<meta property=\"og:title\" content=\"Services - \u010castul\u00edk \u2013 \u0160pecialisti na drvenie odpadu\" \/>\n<meta property=\"og:description\" content=\"Two-rotor crushers are designed for crushing a wide range of materials. They reliably serve as hard disk shredders and storage media shredders.\" \/>\n<meta property=\"og:url\" content=\"https:\/\/castulik.sk\/en\/what-do-we-offer\/services\/\" \/>\n<meta property=\"og:site_name\" content=\"\u010castul\u00edk \u2013 \u0160pecialisti na drvenie odpadu\" \/>\n<meta property=\"article:publisher\" content=\"https:\/\/www.facebook.com\/profile.php?id=61565052224336\" \/>\n<meta property=\"article:modified_time\" content=\"2025-11-14T12:39:18+00:00\" \/>\n<meta name=\"twitter:card\" content=\"summary_large_image\" \/>\n<meta name=\"twitter:label1\" content=\"Est. reading time\" \/>\n\t<meta name=\"twitter:data1\" content=\"8 minutes\" \/>\n<script type=\"application\/ld+json\" class=\"yoast-schema-graph\">{\"@context\":\"https:\\\/\\\/schema.org\",\"@graph\":[{\"@type\":\"WebPage\",\"@id\":\"https:\\\/\\\/castulik.sk\\\/en\\\/what-do-we-offer\\\/services\\\/\",\"url\":\"https:\\\/\\\/castulik.sk\\\/en\\\/what-do-we-offer\\\/services\\\/\",\"name\":\"Services - \u010castul\u00edk \u2013 \u0160pecialisti na drvenie odpadu\",\"isPartOf\":{\"@id\":\"https:\\\/\\\/castulik.sk\\\/en\\\/#website\"},\"datePublished\":\"2024-09-09T21:02:11+00:00\",\"dateModified\":\"2025-11-14T12:39:18+00:00\",\"description\":\"Two-rotor crushers are designed for crushing a wide range of materials. They reliably serve as hard disk shredders and storage media shredders.\",\"breadcrumb\":{\"@id\":\"https:\\\/\\\/castulik.sk\\\/en\\\/what-do-we-offer\\\/services\\\/#breadcrumb\"},\"inLanguage\":\"en-US\",\"potentialAction\":[{\"@type\":\"ReadAction\",\"target\":[\"https:\\\/\\\/castulik.sk\\\/en\\\/what-do-we-offer\\\/services\\\/\"]}]},{\"@type\":\"BreadcrumbList\",\"@id\":\"https:\\\/\\\/castulik.sk\\\/en\\\/what-do-we-offer\\\/services\\\/#breadcrumb\",\"itemListElement\":[{\"@type\":\"ListItem\",\"position\":1,\"name\":\"Domovsk\u00e1 str\u00e1nka\",\"item\":\"https:\\\/\\\/castulik.sk\\\/en\\\/\"},{\"@type\":\"ListItem\",\"position\":2,\"name\":\"What do we offer?\",\"item\":\"https:\\\/\\\/castulik.sk\\\/en\\\/what-do-we-offer\\\/\"},{\"@type\":\"ListItem\",\"position\":3,\"name\":\"Services\"}]},{\"@type\":\"WebSite\",\"@id\":\"https:\\\/\\\/castulik.sk\\\/en\\\/#website\",\"url\":\"https:\\\/\\\/castulik.sk\\\/en\\\/\",\"name\":\"\u010castul\u00edk \u2013 \u0160pecialisti na drvenie odpadu\",\"description\":\"Efekt\u00edvne rie\u0161enia pre priemyseln\u00e9 spracovanie odpadu a recykl\u00e1ciu\",\"publisher\":{\"@id\":\"https:\\\/\\\/castulik.sk\\\/en\\\/#organization\"},\"potentialAction\":[{\"@type\":\"SearchAction\",\"target\":{\"@type\":\"EntryPoint\",\"urlTemplate\":\"https:\\\/\\\/castulik.sk\\\/en\\\/?s={search_term_string}\"},\"query-input\":{\"@type\":\"PropertyValueSpecification\",\"valueRequired\":true,\"valueName\":\"search_term_string\"}}],\"inLanguage\":\"en-US\"},{\"@type\":\"Organization\",\"@id\":\"https:\\\/\\\/castulik.sk\\\/en\\\/#organization\",\"name\":\"\u010castul\u00edk \u2013 \u0160pecialisti na drvenie odpadu\",\"url\":\"https:\\\/\\\/castulik.sk\\\/en\\\/\",\"logo\":{\"@type\":\"ImageObject\",\"inLanguage\":\"en-US\",\"@id\":\"https:\\\/\\\/castulik.sk\\\/en\\\/#\\\/schema\\\/logo\\\/image\\\/\",\"url\":\"https:\\\/\\\/castulik.sk\\\/wp-content\\\/uploads\\\/2024\\\/09\\\/castulik_logo.png\",\"contentUrl\":\"https:\\\/\\\/castulik.sk\\\/wp-content\\\/uploads\\\/2024\\\/09\\\/castulik_logo.png\",\"width\":958,\"height\":265,\"caption\":\"\u010castul\u00edk \u2013 \u0160pecialisti na drvenie odpadu\"},\"image\":{\"@id\":\"https:\\\/\\\/castulik.sk\\\/en\\\/#\\\/schema\\\/logo\\\/image\\\/\"},\"sameAs\":[\"https:\\\/\\\/www.facebook.com\\\/profile.php?id=61565052224336\"]}]}<\/script>\n<!-- \/ Yoast SEO plugin. -->","yoast_head_json":{"title":"Services - \u010castul\u00edk \u2013 \u0160pecialisti na drvenie odpadu","description":"Two-rotor crushers are designed for crushing a wide range of materials. They reliably serve as hard disk shredders and storage media shredders.","robots":{"index":"index","follow":"follow","max-snippet":"max-snippet:-1","max-image-preview":"max-image-preview:large","max-video-preview":"max-video-preview:-1"},"canonical":"https:\/\/castulik.sk\/en\/what-do-we-offer\/services\/","og_locale":"en_US","og_type":"article","og_title":"Services - \u010castul\u00edk \u2013 \u0160pecialisti na drvenie odpadu","og_description":"Two-rotor crushers are designed for crushing a wide range of materials. They reliably serve as hard disk shredders and storage media shredders.","og_url":"https:\/\/castulik.sk\/en\/what-do-we-offer\/services\/","og_site_name":"\u010castul\u00edk \u2013 \u0160pecialisti na drvenie odpadu","article_publisher":"https:\/\/www.facebook.com\/profile.php?id=61565052224336","article_modified_time":"2025-11-14T12:39:18+00:00","twitter_card":"summary_large_image","twitter_misc":{"Est. reading time":"8 minutes"},"schema":{"@context":"https:\/\/schema.org","@graph":[{"@type":"WebPage","@id":"https:\/\/castulik.sk\/en\/what-do-we-offer\/services\/","url":"https:\/\/castulik.sk\/en\/what-do-we-offer\/services\/","name":"Services - \u010castul\u00edk \u2013 \u0160pecialisti na drvenie odpadu","isPartOf":{"@id":"https:\/\/castulik.sk\/en\/#website"},"datePublished":"2024-09-09T21:02:11+00:00","dateModified":"2025-11-14T12:39:18+00:00","description":"Two-rotor crushers are designed for crushing a wide range of materials. They reliably serve as hard disk shredders and storage media shredders.","breadcrumb":{"@id":"https:\/\/castulik.sk\/en\/what-do-we-offer\/services\/#breadcrumb"},"inLanguage":"en-US","potentialAction":[{"@type":"ReadAction","target":["https:\/\/castulik.sk\/en\/what-do-we-offer\/services\/"]}]},{"@type":"BreadcrumbList","@id":"https:\/\/castulik.sk\/en\/what-do-we-offer\/services\/#breadcrumb","itemListElement":[{"@type":"ListItem","position":1,"name":"Domovsk\u00e1 str\u00e1nka","item":"https:\/\/castulik.sk\/en\/"},{"@type":"ListItem","position":2,"name":"What do we offer?","item":"https:\/\/castulik.sk\/en\/what-do-we-offer\/"},{"@type":"ListItem","position":3,"name":"Services"}]},{"@type":"WebSite","@id":"https:\/\/castulik.sk\/en\/#website","url":"https:\/\/castulik.sk\/en\/","name":"\u010castul\u00edk \u2013 \u0160pecialisti na drvenie odpadu","description":"Efekt\u00edvne rie\u0161enia pre priemyseln\u00e9 spracovanie odpadu a recykl\u00e1ciu","publisher":{"@id":"https:\/\/castulik.sk\/en\/#organization"},"potentialAction":[{"@type":"SearchAction","target":{"@type":"EntryPoint","urlTemplate":"https:\/\/castulik.sk\/en\/?s={search_term_string}"},"query-input":{"@type":"PropertyValueSpecification","valueRequired":true,"valueName":"search_term_string"}}],"inLanguage":"en-US"},{"@type":"Organization","@id":"https:\/\/castulik.sk\/en\/#organization","name":"\u010castul\u00edk \u2013 \u0160pecialisti na drvenie odpadu","url":"https:\/\/castulik.sk\/en\/","logo":{"@type":"ImageObject","inLanguage":"en-US","@id":"https:\/\/castulik.sk\/en\/#\/schema\/logo\/image\/","url":"https:\/\/castulik.sk\/wp-content\/uploads\/2024\/09\/castulik_logo.png","contentUrl":"https:\/\/castulik.sk\/wp-content\/uploads\/2024\/09\/castulik_logo.png","width":958,"height":265,"caption":"\u010castul\u00edk \u2013 \u0160pecialisti na drvenie odpadu"},"image":{"@id":"https:\/\/castulik.sk\/en\/#\/schema\/logo\/image\/"},"sameAs":["https:\/\/www.facebook.com\/profile.php?id=61565052224336"]}]}},"_links":{"self":[{"href":"https:\/\/castulik.sk\/en\/wp-json\/wp\/v2\/pages\/1694","targetHints":{"allow":["GET"]}}],"collection":[{"href":"https:\/\/castulik.sk\/en\/wp-json\/wp\/v2\/pages"}],"about":[{"href":"https:\/\/castulik.sk\/en\/wp-json\/wp\/v2\/types\/page"}],"author":[{"embeddable":true,"href":"https:\/\/castulik.sk\/en\/wp-json\/wp\/v2\/users\/1"}],"replies":[{"embeddable":true,"href":"https:\/\/castulik.sk\/en\/wp-json\/wp\/v2\/comments?post=1694"}],"version-history":[{"count":6,"href":"https:\/\/castulik.sk\/en\/wp-json\/wp\/v2\/pages\/1694\/revisions"}],"predecessor-version":[{"id":1999,"href":"https:\/\/castulik.sk\/en\/wp-json\/wp\/v2\/pages\/1694\/revisions\/1999"}],"up":[{"embeddable":true,"href":"https:\/\/castulik.sk\/en\/wp-json\/wp\/v2\/pages\/1689"}],"wp:attachment":[{"href":"https:\/\/castulik.sk\/en\/wp-json\/wp\/v2\/media?parent=1694"}],"curies":[{"name":"wp","href":"https:\/\/api.w.org\/{rel}","templated":true}]}}